{"id":232392,"date":"2022-05-30T16:27:09","date_gmt":"2022-05-30T20:27:09","guid":{"rendered":"https:\/\/guaroriverranch.com\/?page_id=232392"},"modified":"2022-06-06T10:15:34","modified_gmt":"2022-06-06T14:15:34","slug":"daypass","status":"publish","type":"page","link":"https:\/\/guaroriverranch.com\/en\/daypass","title":{"rendered":"DayPass"},"content":{"rendered":"<p>[et_pb_section fb_built=\u00bb1&#8243; admin_label=\u00bbHeader\u00bb module_class=\u00bbpa-parallax-background-image-color\u00bb _builder_version=\u00bb4.13.0&#8243; use_background_color_gradient=\u00bbon\u00bb background_color_gradient_start=\u00bbrgba(10,10,10,0.6)\u00bb background_color_gradient_end=\u00bbrgba(255,255,255,0)\u00bb background_color_gradient_type=\u00bbradial\u00bb background_color_gradient_direction_radial=\u00bbtop left\u00bb background_color_gradient_start_position=\u00bb30%\u00bb background_color_gradient_end_position=\u00bb80%\u00bb background_color_gradient_overlays_image=\u00bbon\u00bb background_image=\u00bbhttps:\/\/guaroriverranch.com\/wp-content\/uploads\/2022\/05\/DSC_6638-2.jpg\u00bb custom_padding=\u00bb4vw|0px|4vw|0px|true|false\u00bb locked=\u00bboff\u00bb global_colors_info=\u00bb{}\u00bb][et_pb_row column_structure=\u00bb3_4,1_4&#8243; _builder_version=\u00bb4.8.1&#8243; custom_margin=\u00bb|||\u00bb custom_padding=\u00bb42px|||||\u00bb global_colors_info=\u00bb{}\u00bb][et_pb_column type=\u00bb3_4&#8243; _builder_version=\u00bb4.8.1&#8243; custom_padding=\u00bb|||\u00bb custom_padding_tablet=\u00bb15%||||false|false\u00bb custom_padding_phone=\u00bb15%||||false|false\u00bb custom_padding_last_edited=\u00bbon|tablet\u00bb global_colors_info=\u00bb{}\u00bb custom_padding__hover=\u00bb|||\u00bb][et_pb_text _builder_version=\u00bb4.8.1&#8243; text_font=\u00bbMontserrat||||||||\u00bb header_font=\u00bbMontserrat|700||on|||||\u00bb header_text_color=\u00bb#FFFFFF\u00bb header_font_size=\u00bb60px\u00bb header_line_height=\u00bb1.2em\u00bb header_5_font=\u00bbMontserrat|700||on|||||\u00bb header_5_text_color=\u00bb#FFFFFF\u00bb header_5_font_size=\u00bb20px\u00bb header_5_letter_spacing=\u00bb0.5em\u00bb header_5_line_height=\u00bb1.8em\u00bb animation_style=\u00bbzoom\u00bb animation_intensity_zoom=\u00bb5%\u00bb header_font_size_tablet=\u00bb48px\u00bb header_font_size_phone=\u00bb32px\u00bb header_font_size_last_edited=\u00bbon|phone\u00bb header_5_font_size_tablet=\u00bb14px\u00bb header_5_font_size_phone=\u00bb12px\u00bb header_5_font_size_last_edited=\u00bbon|desktop\u00bb global_colors_info=\u00bb{}\u00bb]<\/p>\n<h1>DAY PASS<\/h1>\n<p>[\/et_pb_text][\/et_pb_column][et_pb_column type=\u00bb1_4&#8243; disabled_on=\u00bbon|on|off\u00bb _builder_version=\u00bb4.8.1&#8243; custom_padding=\u00bb|||\u00bb global_colors_info=\u00bb{}\u00bb custom_padding__hover=\u00bb|||\u00bb][\/et_pb_column][\/et_pb_row][\/et_pb_section][et_pb_section fb_built=\u00bb1&#8243; _builder_version=\u00bb4.13.0&#8243; _module_preset=\u00bbdefault\u00bb global_colors_info=\u00bb{}\u00bb][et_pb_row _builder_version=\u00bb4.13.0&#8243; _module_preset=\u00bbdefault\u00bb global_colors_info=\u00bb{}\u00bb][et_pb_column type=\u00bb4_4&#8243; _builder_version=\u00bb4.13.0&#8243; _module_preset=\u00bbdefault\u00bb global_colors_info=\u00bb{}\u00bb][et_pb_text _builder_version=\u00bb4.13.0&#8243; _module_preset=\u00bbdefault\u00bb text_font=\u00bbMontserrat||||||||\u00bb text_text_color=\u00bb#000000&#8243; text_font_size=\u00bb13px\u00bb text_line_height=\u00bb1.8em\u00bb background_color=\u00bb#f9f9f9&#8243; custom_margin=\u00bb||80px||false|false\u00bb custom_padding=\u00bb3%|3%|3%|3%|true|true\u00bb global_colors_info=\u00bb{}\u00bb]<\/p>\n<h3><span class=\"et-pb-icon\" style=\"font-size: 13px; color: #ffcc00;\">s <\/span><strong>\u00a0Attention <\/strong><span class=\"et-pb-icon\" style=\"font-size: 13px; color: #ffcc00;\">s<\/span><\/h3>\n<p><span class=\"et-pb-icon\" style=\"font-size: 13px; color: #ffcc00;\"><\/span><\/p>\n<p><strong><em>1) The reservation may not exceed a maximum of thirty (30) people including children and adults included. <span style=\"color: #00BA39;\">If the reservation exceeds 30 people, please contact us at (849) 360-7844, (809) 543-4398, (829) 713-0275 or email us at riverranchguaro@gmail.com to make your request.<\/span><\/em><\/strong><\/p>\n<p><strong><em>2) Filling and sending this form does not guarantee the reservation, it has to be previously evaluated.<\/em><\/strong><\/p>\n<p><strong><em>3) The confirmation of this reservation will be sent to the same email that you put in the form. It will detail the cost and the payment link to complete it.<\/em><\/strong><\/p>\n<p><strong><em>4) The reservation will not be considered confirmed until payment is received.<\/em><\/strong>[\/et_pb_text][et_pb_text _builder_version=\u00bb4.13.0&#8243; _module_preset=\u00bbdefault\u00bb text_font=\u00bbMontserrat|700||on|||||\u00bb text_text_color=\u00bb#000000&#8243; text_font_size=\u00bb24px\u00bb text_line_height=\u00bb1.6em\u00bb global_colors_info=\u00bb{}\u00bb]<\/p>\n<p>DAY PASS Reservation Form<\/p>\n<p>[\/et_pb_text][et_pb_contact_form email=\u00bbriverranchguaro@gmail.com\u00bb success_message=\u00bbGracias por su solicitud. Pronto estaremos en contacto.\u00bb _builder_version=\u00bb4.13.0&#8243; _module_preset=\u00bbdefault\u00bb form_field_background_color=\u00bb#FFFFFF\u00bb form_field_text_color=\u00bb#000000&#8243; title_font=\u00bbMontserrat||||||||\u00bb captcha_font=\u00bbMontserrat||||||||\u00bb form_field_font=\u00bbMontserrat||||||||\u00bb custom_button=\u00bbon\u00bb button_text_size=\u00bb16px\u00bb button_text_color=\u00bb#FFFFFF\u00bb button_bg_color=\u00bb#00ba39&#8243; button_border_width=\u00bb0px\u00bb button_letter_spacing=\u00bb1px\u00bb button_font=\u00bbMontserrat|||on|||||\u00bb hover_enabled=\u00bb0&#8243; custom_css_captcha_field=\u00bb \u00bb border_radii=\u00bbon|5px|5px|5px|5px\u00bb border_width_all=\u00bb1px\u00bb border_color_all=\u00bbrgba(130,130,130,0.5)\u00bb global_colors_info=\u00bb{}\u00bb sticky_enabled=\u00bb0&#8243;][et_pb_contact_field field_id=\u00bbnombre\u00bb field_title=\u00bbNombre\u00bb _builder_version=\u00bb4.13.0&#8243; global_colors_info=\u00bb{}\u00bb button_text_size__hover_enabled=\u00bboff\u00bb button_one_text_size__hover_enabled=\u00bboff\u00bb button_two_text_size__hover_enabled=\u00bboff\u00bb button_text_color__hover_enabled=\u00bboff\u00bb button_one_text_color__hover_enabled=\u00bboff\u00bb button_two_text_color__hover_enabled=\u00bboff\u00bb button_border_width__hover_enabled=\u00bboff\u00bb button_one_border_width__hover_enabled=\u00bboff\u00bb button_two_border_width__hover_enabled=\u00bboff\u00bb button_border_color__hover_enabled=\u00bboff\u00bb button_one_border_color__hover_enabled=\u00bboff\u00bb button_two_border_color__hover_enabled=\u00bboff\u00bb button_border_radius__hover_enabled=\u00bboff\u00bb button_one_border_radius__hover_enabled=\u00bboff\u00bb button_two_border_radius__hover_enabled=\u00bboff\u00bb button_letter_spacing__hover_enabled=\u00bboff\u00bb button_one_letter_spacing__hover_enabled=\u00bboff\u00bb button_two_letter_spacing__hover_enabled=\u00bboff\u00bb button_bg_color__hover_enabled=\u00bboff\u00bb button_one_bg_color__hover_enabled=\u00bboff\u00bb button_two_bg_color__hover_enabled=\u00bboff\u00bb][\/et_pb_contact_field][et_pb_contact_field field_id=\u00bbapellido\u00bb field_title=\u00bbApellido\u00bb _builder_version=\u00bb4.13.0&#8243; global_colors_info=\u00bb{}\u00bb button_text_size__hover_enabled=\u00bboff\u00bb button_one_text_size__hover_enabled=\u00bboff\u00bb button_two_text_size__hover_enabled=\u00bboff\u00bb button_text_color__hover_enabled=\u00bboff\u00bb button_one_text_color__hover_enabled=\u00bboff\u00bb button_two_text_color__hover_enabled=\u00bboff\u00bb button_border_width__hover_enabled=\u00bboff\u00bb button_one_border_width__hover_enabled=\u00bboff\u00bb button_two_border_width__hover_enabled=\u00bboff\u00bb button_border_color__hover_enabled=\u00bboff\u00bb button_one_border_color__hover_enabled=\u00bboff\u00bb button_two_border_color__hover_enabled=\u00bboff\u00bb button_border_radius__hover_enabled=\u00bboff\u00bb button_one_border_radius__hover_enabled=\u00bboff\u00bb button_two_border_radius__hover_enabled=\u00bboff\u00bb button_letter_spacing__hover_enabled=\u00bboff\u00bb button_one_letter_spacing__hover_enabled=\u00bboff\u00bb button_two_letter_spacing__hover_enabled=\u00bboff\u00bb button_bg_color__hover_enabled=\u00bboff\u00bb button_one_bg_color__hover_enabled=\u00bboff\u00bb button_two_bg_color__hover_enabled=\u00bboff\u00bb][\/et_pb_contact_field][et_pb_contact_field field_id=\u00bbtelefono\u00bb field_title=\u00bbTel\u00e9fono\u00bb _builder_version=\u00bb4.13.0&#8243; _module_preset=\u00bbdefault\u00bb global_colors_info=\u00bb{}\u00bb][\/et_pb_contact_field][et_pb_contact_field field_id=\u00bbcorreo\u00bb field_title=\u00bbDirecci\u00f3n de correo electr\u00f3nico\u00bb field_type=\u00bbemail\u00bb _builder_version=\u00bb4.13.0&#8243; global_colors_info=\u00bb{}\u00bb button_text_size__hover_enabled=\u00bboff\u00bb button_one_text_size__hover_enabled=\u00bboff\u00bb button_two_text_size__hover_enabled=\u00bboff\u00bb button_text_color__hover_enabled=\u00bboff\u00bb button_one_text_color__hover_enabled=\u00bboff\u00bb button_two_text_color__hover_enabled=\u00bboff\u00bb button_border_width__hover_enabled=\u00bboff\u00bb button_one_border_width__hover_enabled=\u00bboff\u00bb button_two_border_width__hover_enabled=\u00bboff\u00bb button_border_color__hover_enabled=\u00bboff\u00bb button_one_border_color__hover_enabled=\u00bboff\u00bb button_two_border_color__hover_enabled=\u00bboff\u00bb button_border_radius__hover_enabled=\u00bboff\u00bb button_one_border_radius__hover_enabled=\u00bboff\u00bb button_two_border_radius__hover_enabled=\u00bboff\u00bb button_letter_spacing__hover_enabled=\u00bboff\u00bb button_one_letter_spacing__hover_enabled=\u00bboff\u00bb button_two_letter_spacing__hover_enabled=\u00bboff\u00bb button_bg_color__hover_enabled=\u00bboff\u00bb button_one_bg_color__hover_enabled=\u00bboff\u00bb button_two_bg_color__hover_enabled=\u00bboff\u00bb][\/et_pb_contact_field][et_pb_contact_field field_id=\u00bbinput170&#8243; field_title=\u00bbFecha deseada\u00bb fullwidth_field=\u00bbon\u00bb _builder_version=\u00bb4.13.0&#8243; _module_preset=\u00bbdefault\u00bb global_colors_info=\u00bb{}\u00bb][\/et_pb_contact_field][et_pb_contact_field field_id=\u00bbadultos\u00bb field_title=\u00bbN\u00b0 de Adultos\u00bb field_type=\u00bbselect\u00bb select_options=\u00bb%91{%22value%22:%221%22,%22checked%22:0,%22dragID%22:0},{%22value%22:%222%22,%22checked%22:0,%22dragID%22:1},{%22value%22:%223%22,%22checked%22:0,%22dragID%22:2},{%22value%22:%224%22,%22checked%22:0,%22dragID%22:3},{%22value%22:%225%22,%22checked%22:0,%22dragID%22:4},{%22value%22:%226%22,%22checked%22:0,%22dragID%22:5},{%22value%22:%227%22,%22checked%22:0,%22dragID%22:6},{%22value%22:%228%22,%22checked%22:0,%22dragID%22:7},{%22value%22:%229%22,%22checked%22:0,%22dragID%22:8},{%22value%22:%2210%22,%22checked%22:0,%22dragID%22:9},{%22value%22:%2211%22,%22checked%22:0,%22dragID%22:10},{%22value%22:%2212%22,%22checked%22:0,%22dragID%22:11},{%22value%22:%2213%22,%22checked%22:0,%22dragID%22:12},{%22value%22:%2214%22,%22checked%22:0,%22dragID%22:13},{%22value%22:%2215%22,%22checked%22:0,%22dragID%22:14},{%22value%22:%2216%22,%22checked%22:0,%22dragID%22:15},{%22value%22:%2217%22,%22checked%22:0,%22dragID%22:16},{%22value%22:%2218%22,%22checked%22:0,%22dragID%22:17},{%22value%22:%2219%22,%22checked%22:0,%22dragID%22:18},{%22value%22:%2220%22,%22checked%22:0,%22dragID%22:19},{%22value%22:%2221%22,%22checked%22:0,%22dragID%22:20},{%22value%22:%2222%22,%22checked%22:0,%22dragID%22:21},{%22value%22:%2223%22,%22checked%22:0,%22dragID%22:22},{%22value%22:%2224%22,%22checked%22:0,%22dragID%22:23},{%22value%22:%2225%22,%22checked%22:0,%22dragID%22:24},{%22value%22:%2226%22,%22checked%22:0,%22dragID%22:25},{%22value%22:%2227%22,%22checked%22:0,%22dragID%22:26},{%22value%22:%2228%22,%22checked%22:0,%22dragID%22:27},{%22value%22:%2229%22,%22checked%22:0,%22dragID%22:28},{%22value%22:%2230%22,%22checked%22:0,%22dragID%22:29}%93&#8243; _builder_version=\u00bb4.13.0&#8243; _module_preset=\u00bbdefault\u00bb form_field_text_color=\u00bb#000000&#8243; hover_enabled=\u00bb0&#8243; global_colors_info=\u00bb{}\u00bb sticky_enabled=\u00bb0&#8243;][\/et_pb_contact_field][et_pb_contact_field field_id=\u00bbninos\u00bb field_title=\u00bbN\u00b0 de Ni\u00f1os\u00bb field_type=\u00bbselect\u00bb select_options=\u00bb%91{%22value%22:%220%22,%22checked%22:0,%22dragID%22:-1},{%22value%22:%221%22,%22checked%22:0,%22dragID%22:0},{%22value%22:%222%22,%22checked%22:0,%22dragID%22:1},{%22value%22:%223%22,%22checked%22:0,%22dragID%22:2},{%22value%22:%224%22,%22checked%22:0,%22dragID%22:3},{%22value%22:%225%22,%22checked%22:0,%22dragID%22:4},{%22value%22:%226%22,%22checked%22:0,%22dragID%22:5},{%22value%22:%227%22,%22checked%22:0,%22dragID%22:6},{%22value%22:%228%22,%22checked%22:0,%22dragID%22:7},{%22value%22:%229%22,%22checked%22:0,%22dragID%22:8},{%22value%22:%2210%22,%22checked%22:0,%22dragID%22:9},{%22value%22:%2211%22,%22checked%22:0,%22dragID%22:10},{%22value%22:%2212%22,%22checked%22:0,%22dragID%22:11},{%22value%22:%2213%22,%22checked%22:0,%22dragID%22:12},{%22value%22:%2214%22,%22checked%22:0,%22dragID%22:13},{%22value%22:%2215%22,%22checked%22:0,%22dragID%22:14},{%22value%22:%2216%22,%22checked%22:0,%22dragID%22:15},{%22value%22:%2217%22,%22checked%22:0,%22dragID%22:16},{%22value%22:%2218%22,%22checked%22:0,%22dragID%22:17},{%22value%22:%2219%22,%22checked%22:0,%22dragID%22:18},{%22value%22:%2220%22,%22checked%22:0,%22dragID%22:19},{%22value%22:%2221%22,%22checked%22:0,%22dragID%22:20},{%22value%22:%2222%22,%22checked%22:0,%22dragID%22:21},{%22value%22:%2223%22,%22checked%22:0,%22dragID%22:22},{%22value%22:%2224%22,%22checked%22:0,%22dragID%22:23},{%22value%22:%2225%22,%22checked%22:0,%22dragID%22:24},{%22value%22:%2226%22,%22checked%22:0,%22dragID%22:25},{%22value%22:%2227%22,%22checked%22:0,%22dragID%22:26},{%22value%22:%2228%22,%22checked%22:0,%22dragID%22:27},{%22value%22:%2229%22,%22checked%22:0,%22dragID%22:28}%93&#8243; _builder_version=\u00bb4.13.0&#8243; _module_preset=\u00bbdefault\u00bb form_field_text_color=\u00bb#000000&#8243; hover_enabled=\u00bb0&#8243; global_colors_info=\u00bb{}\u00bb sticky_enabled=\u00bb0&#8243;][\/et_pb_contact_field][et_pb_contact_field field_id=\u00bbNotas\u00bb field_title=\u00bbNotas\u00bb field_type=\u00bbtext\u00bb required_mark=\u00bboff\u00bb fullwidth_field=\u00bbon\u00bb _builder_version=\u00bb4.13.0&#8243; global_colors_info=\u00bb{}\u00bb button_text_size__hover_enabled=\u00bboff\u00bb button_one_text_size__hover_enabled=\u00bboff\u00bb button_two_text_size__hover_enabled=\u00bboff\u00bb button_text_color__hover_enabled=\u00bboff\u00bb button_one_text_color__hover_enabled=\u00bboff\u00bb button_two_text_color__hover_enabled=\u00bboff\u00bb button_border_width__hover_enabled=\u00bboff\u00bb button_one_border_width__hover_enabled=\u00bboff\u00bb button_two_border_width__hover_enabled=\u00bboff\u00bb button_border_color__hover_enabled=\u00bboff\u00bb button_one_border_color__hover_enabled=\u00bboff\u00bb button_two_border_color__hover_enabled=\u00bboff\u00bb button_border_radius__hover_enabled=\u00bboff\u00bb button_one_border_radius__hover_enabled=\u00bboff\u00bb button_two_border_radius__hover_enabled=\u00bboff\u00bb button_letter_spacing__hover_enabled=\u00bboff\u00bb button_one_letter_spacing__hover_enabled=\u00bboff\u00bb button_two_letter_spacing__hover_enabled=\u00bboff\u00bb button_bg_color__hover_enabled=\u00bboff\u00bb button_one_bg_color__hover_enabled=\u00bboff\u00bb button_two_bg_color__hover_enabled=\u00bboff\u00bb][\/et_pb_contact_field][\/et_pb_contact_form][\/et_pb_column][\/et_pb_row][\/et_pb_section]<\/p>","protected":false},"excerpt":{"rendered":"<p>DAY PASSs \u00a0Atenci\u00f3n s 1) La reserva no podr\u00e1 exceder un m\u00e1ximo de treinta (30) personas entre ni\u00f1os y adultos incluidos. Si excede las 30 personas, favor comunicarse a los n\u00fameros (849) 360-7844, (809) 543-4398, (829) 713-0275 o escr\u00edbenos a riverranchguaro@gmail.com para realizar tu solicitud. 2) Enviar los datos de este formulario no garantiza la [&hellip;]<\/p>","protected":false},"author":1,"featured_media":0,"parent":0,"menu_order":0,"comment_status":"closed","ping_status":"closed","template":"","meta":{"_et_pb_use_builder":"on","_et_pb_old_content":"","_et_gb_content_width":"","footnotes":""},"class_list":["post-232392","page","type-page","status-publish","hentry"],"_links":{"self":[{"href":"https:\/\/guaroriverranch.com\/en\/wp-json\/wp\/v2\/pages\/232392","targetHints":{"allow":["GET"]}}],"collection":[{"href":"https:\/\/guaroriverranch.com\/en\/wp-json\/wp\/v2\/pages"}],"about":[{"href":"https:\/\/guaroriverranch.com\/en\/wp-json\/wp\/v2\/types\/page"}],"author":[{"embeddable":true,"href":"https:\/\/guaroriverranch.com\/en\/wp-json\/wp\/v2\/users\/1"}],"replies":[{"embeddable":true,"href":"https:\/\/guaroriverranch.com\/en\/wp-json\/wp\/v2\/comments?post=232392"}],"version-history":[{"count":31,"href":"https:\/\/guaroriverranch.com\/en\/wp-json\/wp\/v2\/pages\/232392\/revisions"}],"predecessor-version":[{"id":232461,"href":"https:\/\/guaroriverranch.com\/en\/wp-json\/wp\/v2\/pages\/232392\/revisions\/232461"}],"wp:attachment":[{"href":"https:\/\/guaroriverranch.com\/en\/wp-json\/wp\/v2\/media?parent=232392"}],"curies":[{"name":"wp","href":"https:\/\/api.w.org\/{rel}","templated":true}]}}